{"id":9,"date":"2024-12-22T10:47:16","date_gmt":"2024-12-22T10:47:16","guid":{"rendered":"https:\/\/tadeussenf.de\/soil-blatusa.com\/?page_id=9"},"modified":"2026-03-14T21:34:20","modified_gmt":"2026-03-14T20:34:20","slug":"soil-society-of-individual-learning","status":"publish","type":"page","link":"https:\/\/soil-blatusa.com\/hr\/","title":{"rendered":""},"content":{"rendered":"\n<div style=\"height:100px\" aria-hidden=\"true\" class=\"wp-block-spacer\"><\/div>\n\n\n\n<div class=\"wp-block-columns is-layout-flex wp-container-core-columns-is-layout-9d6595d7 wp-block-columns-is-layout-flex\">\n<div class=\"wp-block-column is-layout-flow wp-block-column-is-layout-flow\" style=\"flex-basis:66.66%\">\n<div class=\"alignnormal\"><div id=\"metaslider-id-219\" style=\"max-width: 2500px;\" class=\"ml-slider-3-108-0 metaslider metaslider-flex metaslider-219 ml-slider has-dots-nav ms-theme-default-base\" role=\"region\" aria-label=\"Slideshow Startseite\" data-height=\"1400\" data-width=\"2500\">\n    <div id=\"metaslider_container_219\">\n        <div id=\"metaslider_219\">\n            <ul aria-live='off' class='slides'>\n                <li style=\"display: block; width: 100%;\" class=\"slide-221 ms-image \" aria-roledescription=\"slide\" data-date=\"2025-08-09 15:38:13\" data-filename=\"IMG_5073_ruhig-scaled-2500x1400.jpg\" data-slide-type=\"image\"><img loading=\"lazy\" decoding=\"async\" src=\"https:\/\/soil-blatusa.com\/wp-content\/uploads\/2025\/08\/IMG_5073_ruhig-scaled-2500x1400.jpg\" height=\"1400\" width=\"2500\" alt=\"\" class=\"slider-219 slide-221 msDefaultImage\" title=\"IMG_5073_ruhig\" \/><\/li>\n                <li style=\"display: none; width: 100%;\" class=\"slide-222 ms-image \" aria-roledescription=\"slide\" data-date=\"2025-08-09 15:38:13\" data-filename=\"IMG_5068_ruhig-scaled-2500x1400.jpg\" data-slide-type=\"image\"><img loading=\"lazy\" decoding=\"async\" src=\"https:\/\/soil-blatusa.com\/wp-content\/uploads\/2025\/08\/IMG_5068_ruhig-scaled-2500x1400.jpg\" height=\"1400\" width=\"2500\" alt=\"\" class=\"slider-219 slide-222 msDefaultImage\" title=\"IMG_5068_ruhig\" \/><\/li>\n                <li style=\"display: none; width: 100%;\" class=\"slide-745 ms-image \" aria-roledescription=\"slide\" data-date=\"2026-03-14 21:24:16\" data-filename=\"IMG_4985_ruhig-3-scaled-2500x1400.jpg\" data-slide-type=\"image\"><img loading=\"lazy\" decoding=\"async\" src=\"https:\/\/soil-blatusa.com\/wp-content\/uploads\/2025\/08\/IMG_4985_ruhig-3-scaled-2500x1400.jpg\" height=\"1400\" width=\"2500\" alt=\"\" class=\"slider-219 slide-745 msDefaultImage\" title=\"IMG_4985_ruhig\" \/><\/li>\n            <\/ul>\n        <\/div>\n        \n    <\/div>\n<\/div><\/div>\n<\/div>\n\n\n\n<div class=\"wp-block-column is-layout-flow wp-block-column-is-layout-flow\" style=\"flex-basis:33.33%\">\n<figure class=\"wp-block-pullquote\"><blockquote><p>&#8220;Ne mo\u017ee\u0161 nikoga ni\u0161ta nau\u010diti; jedino im mo\u017ee\u0161 pomo\u0107i da to prona\u0111u u sebi.&#8221;<\/p><cite>Galileo Galilei<\/cite><\/blockquote><\/figure>\n<\/div>\n<\/div>\n\n\n\n<div style=\"height:100px\" aria-hidden=\"true\" class=\"wp-block-spacer\"><\/div>\n\n\n\n<div class=\"wp-block-media-text has-media-on-the-right is-stacked-on-mobile is-image-fill-element\" style=\"grid-template-columns:auto 54%\"><div class=\"wp-block-media-text__content\">\n<h2 class=\"wp-block-heading has-text-align-center has-orange-color has-text-color has-link-color wp-elements-6d869406ac4ce9fc4951e9e2f0d0123e\" style=\"padding-top:var(--wp--preset--spacing--50);padding-bottom:var(--wp--preset--spacing--50)\">Radionice<\/h2>\n\n\n\n<p class=\"has-text-align-center\">Postoji toliko \u017eivotnih podru\u010dja koja nas odu\u0161evljavaju. \u0160to bi bilo bolje od toga da svojoj djeci omogu\u0107imo pristup tim podru\u010djima i s njima podijelimo svoje znanje i vje\u0161tine? Mi vjerujemo \u2013 omogu\u0107iti taj pristup \u010ditavoj skupini djece!<\/p>\n\n\n\n<p class=\"has-text-align-center\">Radionice su predivno sredstvo za podijeliti entuzijazam, a dobar ciklus radionica je poput \u0161arenog \u0161vedskog stola koji djeci i odraslima pru\u017ea nove uvide i inspiraciju. \u0160to \u017eelimo nau\u010diti? \u0160to \u017eelimo prenijeti svojoj djeci? Koje teme rasplamsaju iskru kod pojedinog djeteta? I kamo vodi putovanje cijele skupine?<\/p>\n<\/div><figure class=\"wp-block-media-text__media\"><img loading=\"lazy\" decoding=\"async\" width=\"768\" height=\"1024\" src=\"https:\/\/soil-blatusa.com\/wp-content\/uploads\/2025\/08\/5375407001695283050_121-768x1024.jpg\" alt=\"\" class=\"wp-image-273 size-full\" style=\"object-position:50% 50%\" srcset=\"https:\/\/soil-blatusa.com\/wp-content\/uploads\/2025\/08\/5375407001695283050_121-768x1024.jpg 768w, https:\/\/soil-blatusa.com\/wp-content\/uploads\/2025\/08\/5375407001695283050_121-225x300.jpg 225w, https:\/\/soil-blatusa.com\/wp-content\/uploads\/2025\/08\/5375407001695283050_121.jpg 960w\" sizes=\"auto, (max-width: 768px) 100vw, 768px\" \/><\/figure><\/div>\n\n\n\n<div class=\"wp-block-media-text is-stacked-on-mobile is-image-fill-element\" style=\"grid-template-columns:55% auto\"><figure class=\"wp-block-media-text__media\"><img loading=\"lazy\" decoding=\"async\" width=\"1024\" height=\"768\" src=\"https:\/\/soil-blatusa.com\/wp-content\/uploads\/2025\/08\/IMG_3326_ruhig-1024x768.jpg\" alt=\"\" class=\"wp-image-198 size-full\" style=\"object-position:50% 50%\" srcset=\"https:\/\/soil-blatusa.com\/wp-content\/uploads\/2025\/08\/IMG_3326_ruhig-1024x768.jpg 1024w, https:\/\/soil-blatusa.com\/wp-content\/uploads\/2025\/08\/IMG_3326_ruhig-300x225.jpg 300w, https:\/\/soil-blatusa.com\/wp-content\/uploads\/2025\/08\/IMG_3326_ruhig-768x576.jpg 768w, https:\/\/soil-blatusa.com\/wp-content\/uploads\/2025\/08\/IMG_3326_ruhig-1536x1152.jpg 1536w, https:\/\/soil-blatusa.com\/wp-content\/uploads\/2025\/08\/IMG_3326_ruhig-2048x1536.jpg 2048w\" sizes=\"auto, (max-width: 1024px) 100vw, 1024px\" \/><\/figure><div class=\"wp-block-media-text__content\">\n<h2 class=\"wp-block-heading has-text-align-center has-red-color has-text-color has-link-color wp-elements-8079d1b49be7e737fdb52bf24d62e8be\" style=\"padding-top:var(--wp--preset--spacing--50);padding-bottom:var(--wp--preset--spacing--50)\">Izleti<br><\/h2>\n\n\n\n<p class=\"has-text-align-center\">\u0160uma, sa svojim bre\u017euljcima i dolinama, potocima, izvorima i jezerom, stablima za penjanje i mjestima za logorske vatre; a u jesen s obiljem kestena i gljiva &#8211; svaki izlet u \u0161umu je ljubavna poruka prirodi koja nas okru\u017euje i oblikuje. \u0160uma tako postaje u\u010dionica i u\u010ditelj u isto vrijeme. Djeca se vole vratiti prljave odje\u0107e, ali i ve\u0107a i sna\u017enija \u2013 povezanija sama sa sobom ali i kao grupa.<\/p>\n<\/div><\/div>\n\n\n\n<div class=\"wp-block-media-text has-media-on-the-right is-stacked-on-mobile is-image-fill-element\" style=\"grid-template-columns:auto 54%\"><div class=\"wp-block-media-text__content\">\n<h2 class=\"wp-block-heading has-text-align-center has-green-color has-text-color has-link-color wp-elements-33d9b61bcc657a0c16aa705d49a6067a\" style=\"padding-top:var(--wp--preset--spacing--50);padding-bottom:var(--wp--preset--spacing--50)\">Proslave<\/h2>\n\n\n\n<p class=\"has-text-align-center\"><br>Na\u0161e proslave su poput puno malih vrhunaca tijekom godine: prilike da zastanemo, divimo se, slavimo i budemo zahvalni. One prate ritam godi\u0161njih doba i usmjeravaju na\u0161u pa\u017enju na ono \u0161to se doga\u0111a u prirodi u odre\u0111enom trenutku.<br>U slavlju se svi okupljaju: djeca i odrasli, prijatelji i gosti, stari poznanici i nova lica. Jede se i pjeva, smije se i divi \u2013 a usred svega ra\u0111aju se ideje za nove projekte i, gotovo neprimjetno, zajednica se jo\u0161 vi\u0161e zbli\u017ei.<\/p>\n\n\n\n<p class=\"has-text-align-center\"><\/p>\n<\/div><figure class=\"wp-block-media-text__media\"><img loading=\"lazy\" decoding=\"async\" width=\"768\" height=\"1024\" src=\"https:\/\/soil-blatusa.com\/wp-content\/uploads\/2025\/08\/5375407001695283063_121-768x1024.jpg\" alt=\"\" class=\"wp-image-279 size-full\" style=\"object-position:50% 50%\" srcset=\"https:\/\/soil-blatusa.com\/wp-content\/uploads\/2025\/08\/5375407001695283063_121-768x1024.jpg 768w, https:\/\/soil-blatusa.com\/wp-content\/uploads\/2025\/08\/5375407001695283063_121-225x300.jpg 225w, https:\/\/soil-blatusa.com\/wp-content\/uploads\/2025\/08\/5375407001695283063_121.jpg 960w\" sizes=\"auto, (max-width: 768px) 100vw, 768px\" \/><\/figure><\/div>\n\n\n\n<div class=\"wp-block-group is-content-justification-center is-nowrap is-layout-flex wp-container-core-group-is-layout-e1a27aa3 wp-block-group-is-layout-flex\" style=\"padding-top:var(--wp--preset--spacing--50);padding-bottom:var(--wp--preset--spacing--50)\">\n<figure class=\"wp-block-image size-full is-resized is-style-rounded\"><img loading=\"lazy\" decoding=\"async\" width=\"500\" height=\"500\" src=\"https:\/\/soil-blatusa.com\/wp-content\/uploads\/2025\/01\/SOIL_Logo1.jpg\" alt=\"\" class=\"wp-image-102\" style=\"width:auto;height:150px\" srcset=\"https:\/\/soil-blatusa.com\/wp-content\/uploads\/2025\/01\/SOIL_Logo1.jpg 500w, https:\/\/soil-blatusa.com\/wp-content\/uploads\/2025\/01\/SOIL_Logo1-300x300.jpg 300w, https:\/\/soil-blatusa.com\/wp-content\/uploads\/2025\/01\/SOIL_Logo1-150x150.jpg 150w\" sizes=\"auto, (max-width: 500px) 100vw, 500px\" \/><\/figure>\n\n\n\n<div class=\"wp-block-group is-vertical is-layout-flex wp-container-core-group-is-layout-b5b495a2 wp-block-group-is-layout-flex\" style=\"padding-top:0;padding-right:var(--wp--preset--spacing--50);padding-bottom:0;padding-left:var(--wp--preset--spacing--50)\">\n<p>Blatu\u0161a 81<\/p>\n\n\n\n<p>44410, Gvozd, Hrvatska<\/p>\n\n\n<a href=\"&#x74;&#x65;&#108;:&#x2b;&#x33;&#56;&#53;%&#x32;&#x30;&#57;&#55;7&#x30;&#x37;&#52;25&#x31;\">&#x2b;&#51;&#56;5&#x20;&#x39;&#55;7&#x30;&#x37;&#52;25&#x31;<\/a>\n\n\n\n<p><a href=\"&#109;&#x61;&#x69;l&#116;&#x6f;:&#119;&#x65;l&#99;&#x6f;m&#101;&#x40;&#x73;&#111;&#x69;&#x6c;-&#98;&#x6c;a&#116;&#x75;s&#97;&#x2e;&#x63;&#111;&#x6d;\">&#x77;e&#x6c;&#99;&#x6f;&#x6d;e&#x40;&#115;&#x6f;&#x69;l&#x2d;&#98;&#x6c;&#x61;t&#x75;&#115;&#x61;&#x2e;c&#x6f;&#109;<\/a><\/p>\n<\/div>\n<\/div>\n","protected":false},"excerpt":{"rendered":"<p>&#8220;Ne mo\u017ee\u0161 nikoga ni\u0161ta nau\u010diti; jedino im mo\u017ee\u0161 pomo\u0107i da to prona\u0111u u sebi.&#8221; Galileo Galilei Radionice Postoji toliko \u017eivotnih podru\u010dja koja nas odu\u0161evljavaju. \u0160to bi bilo bolje od toga da svojoj djeci omogu\u0107imo pristup tim podru\u010djima i s njima podijelimo svoje znanje i vje\u0161tine? Mi vjerujemo \u2013 omogu\u0107iti taj pristup \u010ditavoj skupini djece! Radionice &hellip; <a href=\"https:\/\/soil-blatusa.com\/hr\/\">Continued<\/a><\/p>\n","protected":false},"author":2,"featured_media":0,"parent":0,"menu_order":0,"comment_status":"closed","ping_status":"closed","template":"","meta":{"footnotes":""},"class_list":["post-9","page","type-page","status-publish","hentry"],"_links":{"self":[{"href":"https:\/\/soil-blatusa.com\/hr\/wp-json\/wp\/v2\/pages\/9","targetHints":{"allow":["GET"]}}],"collection":[{"href":"https:\/\/soil-blatusa.com\/hr\/wp-json\/wp\/v2\/pages"}],"about":[{"href":"https:\/\/soil-blatusa.com\/hr\/wp-json\/wp\/v2\/types\/page"}],"author":[{"embeddable":true,"href":"https:\/\/soil-blatusa.com\/hr\/wp-json\/wp\/v2\/users\/2"}],"replies":[{"embeddable":true,"href":"https:\/\/soil-blatusa.com\/hr\/wp-json\/wp\/v2\/comments?post=9"}],"version-history":[{"count":98,"href":"https:\/\/soil-blatusa.com\/hr\/wp-json\/wp\/v2\/pages\/9\/revisions"}],"predecessor-version":[{"id":694,"href":"https:\/\/soil-blatusa.com\/hr\/wp-json\/wp\/v2\/pages\/9\/revisions\/694"}],"wp:attachment":[{"href":"https:\/\/soil-blatusa.com\/hr\/wp-json\/wp\/v2\/media?parent=9"}],"curies":[{"name":"wp","href":"https:\/\/api.w.org\/{rel}","templated":true}]}}