{"id":2,"date":"2024-12-22T10:19:09","date_gmt":"2024-12-22T10:19:09","guid":{"rendered":"https:\/\/tadeussenf.de\/soil-blatusa.com\/?page_id=2"},"modified":"2025-10-08T18:29:43","modified_gmt":"2025-10-08T17:29:43","slug":"about-us","status":"publish","type":"page","link":"https:\/\/soil-blatusa.com\/hr\/about-us\/","title":{"rendered":"o nama"},"content":{"rendered":"\n<div class=\"wp-block-media-text has-media-on-the-right is-stacked-on-mobile is-image-fill-element img-responsive\" style=\"grid-template-columns:auto 26%\"><div class=\"wp-block-media-text__content\">\n<p><mark style=\"background-color:rgba(0, 0, 0, 0)\" class=\"has-inline-color has-orange-color\">Mi smo me\u0111unarodni tim roditelja i vizionara u Eko selu Blatu\u0161a, 70 km ju\u017eno od Zagreba.<\/mark><\/p>\n\n\n\n<p><mark style=\"background-color:rgba(0, 0, 0, 0)\" class=\"has-inline-color has-orange-color\">Kao ljubitelji prirode i stru\u010dnjaci za vrtlarstvo, kao oni koji u<mark style=\"background-color:rgba(0, 0, 0, 0)\" class=\"has-inline-color has-orange-color\">\u010d<\/mark>e kroz putovanje na ovoj Zemlji, kao outdoor specijalisti, spajamo na<mark style=\"background-color:rgba(0, 0, 0, 0)\" class=\"has-inline-color has-orange-color\">\u0161<\/mark>e <\/mark><mark style=\"background-color:rgba(0, 0, 0, 0)\" class=\"has-inline-color has-orange-color\">razli\u010dite poglede na \u017eivot; ujedinjeni zajedni\u010dkom \u017eeljom da na\u0161oj djeci pru\u017eimo iskustva u\u010denja povezana s prirodom i odr\u017eivim na\u010dinom \u017eivota \u2013 istovremeno rastu\u0107i zajedno.<\/mark><\/p>\n\n\n\n<p><mark style=\"background-color:rgba(0, 0, 0, 0)\" class=\"has-inline-color has-orange-color\">Iz dubine srca posve\u0107eni smo u\u010denju usmjerenom na u\u010denika i holisti\u010dkoj pedagogiji, i svakodnevno tra\u017eimo nove na\u010dine kako da o<mark style=\"background-color:rgba(0, 0, 0, 0)\" class=\"has-inline-color has-orange-color\">\u017e<\/mark>ivimo sve u <mark style=\"background-color:rgba(0, 0, 0, 0)\" class=\"has-inline-color has-orange-color\"><mark style=\"background-color:rgba(0, 0, 0, 0)\" class=\"has-inline-color has-orange-color\">\u0161<\/mark><\/mark>to vjerujemo<\/mark><mark style=\"background-color:rgba(0, 0, 0, 0)\" class=\"has-inline-color has-orange-color\">.<\/mark><\/p>\n\n\n\n<p><mark style=\"background-color:rgba(0, 0, 0, 0)\" class=\"has-inline-color has-red-color\">\u010cesto nas ti putevi vode u \u0161umu \u2013 mjesto gdje vrijeme stane, a opet, sve se mijenja kao nigdje drugdje; mjesto gdje sve ima prostor, gdje sve pronalazi mir, i gdje svaki izlet postaje pravo avanturisti\u010dko iskustvo\u2026<\/mark><\/p>\n<\/div><figure class=\"wp-block-media-text__media\"><img loading=\"lazy\" decoding=\"async\" width=\"512\" height=\"512\" src=\"https:\/\/soil-blatusa.com\/wp-content\/uploads\/2025\/08\/cropped-SOIL-Logo1.jpg\" alt=\"\" class=\"wp-image-242 size-full\" style=\"object-position:100% 100%\" srcset=\"https:\/\/soil-blatusa.com\/wp-content\/uploads\/2025\/08\/cropped-SOIL-Logo1.jpg 512w, https:\/\/soil-blatusa.com\/wp-content\/uploads\/2025\/08\/cropped-SOIL-Logo1-300x300.jpg 300w, https:\/\/soil-blatusa.com\/wp-content\/uploads\/2025\/08\/cropped-SOIL-Logo1-150x150.jpg 150w, https:\/\/soil-blatusa.com\/wp-content\/uploads\/2025\/08\/cropped-SOIL-Logo1-270x270.jpg 270w, https:\/\/soil-blatusa.com\/wp-content\/uploads\/2025\/08\/cropped-SOIL-Logo1-192x192.jpg 192w, https:\/\/soil-blatusa.com\/wp-content\/uploads\/2025\/08\/cropped-SOIL-Logo1-180x180.jpg 180w, https:\/\/soil-blatusa.com\/wp-content\/uploads\/2025\/08\/cropped-SOIL-Logo1-32x32.jpg 32w\" sizes=\"auto, (max-width: 512px) 100vw, 512px\" \/><\/figure><\/div>\n\n\n\n<div style=\"height:100px\" aria-hidden=\"true\" class=\"wp-block-spacer\"><\/div>\n\n\n\n<p class=\"has-text-align-center\">Kako bi na\u0161e zajedni\u010dke ideje dobile i slu\u017ebeni okvir, u prolje\u0107e 2025. osnovali smo udrugu <strong>SOIL<\/strong>.<\/p>\n\n\n\n<p class=\"has-text-align-center\">Ovdje mo\u017ee\u0161 prona\u0107i na\u0161 statut i nekoliko informacija za bolje razumijevanje onoga \u0161to radimo.<\/p>\n\n\n\n<div style=\"height:100px\" aria-hidden=\"true\" class=\"wp-block-spacer\"><\/div>\n\n\n\n<div class=\"wp-block-buttons is-content-justification-center is-layout-flex wp-container-core-buttons-is-layout-16018d1d wp-block-buttons-is-layout-flex\">\n<div class=\"wp-block-button is-style-default\"><a class=\"wp-block-button__link has-medium-font-size has-custom-font-size wp-element-button\" href=\"https:\/\/soil-blatusa.com\/wp-content\/uploads\/2025\/10\/SOIL-statut-hrvatski.novi_.pdf\">Statut Udruge SOIL<\/a><\/div>\n<\/div>\n\n\n\n<div style=\"height:100px\" aria-hidden=\"true\" class=\"wp-block-spacer\"><\/div>\n\n\n\n<div class=\"wp-block-columns is-layout-flex wp-container-core-columns-is-layout-9d6595d7 wp-block-columns-is-layout-flex\">\n<div class=\"wp-block-column is-layout-flow wp-block-column-is-layout-flow\">\n<div class=\"wp-block-buttons is-layout-flex wp-block-buttons-is-layout-flex\">\n<div class=\"wp-block-button\"><a class=\"wp-block-button__link has-medium-font-size has-custom-font-size wp-element-button\" href=\"https:\/\/soil-blatusa.com\/wp-content\/uploads\/2025\/09\/some-basics-for-attending-our-activities.pdf\">Some basics for attending our activities<\/a><\/div>\n<\/div>\n<\/div>\n\n\n\n<div class=\"wp-block-column is-layout-flow wp-block-column-is-layout-flow\">\n<div class=\"wp-block-buttons is-layout-flex wp-block-buttons-is-layout-flex\">\n<div class=\"wp-block-button has-custom-width wp-block-button__width-100\"><a class=\"wp-block-button__link has-medium-font-size has-custom-font-size wp-element-button\" href=\"https:\/\/soil-blatusa.com\/wp-content\/uploads\/2025\/09\/how-to-become-a-SOIL-member.pdf\">How to become a SOIL member?<\/a><\/div>\n<\/div>\n<\/div>\n\n\n\n<div class=\"wp-block-column is-layout-flow wp-block-column-is-layout-flow\"><\/div>\n<\/div>\n\n\n\n<p><\/p>\n","protected":false},"excerpt":{"rendered":"<p>Mi smo me\u0111unarodni tim roditelja i vizionara u Eko selu Blatu\u0161a, 70 km ju\u017eno od Zagreba. Kao ljubitelji prirode i stru\u010dnjaci za vrtlarstvo, kao oni koji u\u010de kroz putovanje na ovoj Zemlji, kao outdoor specijalisti, spajamo na\u0161e razli\u010dite poglede na \u017eivot; ujedinjeni zajedni\u010dkom \u017eeljom da na\u0161oj djeci pru\u017eimo iskustva u\u010denja povezana s prirodom i odr\u017eivim &hellip; <a href=\"https:\/\/soil-blatusa.com\/hr\/about-us\/\">Continued<\/a><\/p>\n","protected":false},"author":2,"featured_media":0,"parent":0,"menu_order":0,"comment_status":"closed","ping_status":"closed","template":"","meta":{"footnotes":""},"class_list":["post-2","page","type-page","status-publish","hentry"],"_links":{"self":[{"href":"https:\/\/soil-blatusa.com\/hr\/wp-json\/wp\/v2\/pages\/2","targetHints":{"allow":["GET"]}}],"collection":[{"href":"https:\/\/soil-blatusa.com\/hr\/wp-json\/wp\/v2\/pages"}],"about":[{"href":"https:\/\/soil-blatusa.com\/hr\/wp-json\/wp\/v2\/types\/page"}],"author":[{"embeddable":true,"href":"https:\/\/soil-blatusa.com\/hr\/wp-json\/wp\/v2\/users\/2"}],"replies":[{"embeddable":true,"href":"https:\/\/soil-blatusa.com\/hr\/wp-json\/wp\/v2\/comments?post=2"}],"version-history":[{"count":69,"href":"https:\/\/soil-blatusa.com\/hr\/wp-json\/wp\/v2\/pages\/2\/revisions"}],"predecessor-version":[{"id":677,"href":"https:\/\/soil-blatusa.com\/hr\/wp-json\/wp\/v2\/pages\/2\/revisions\/677"}],"wp:attachment":[{"href":"https:\/\/soil-blatusa.com\/hr\/wp-json\/wp\/v2\/media?parent=2"}],"curies":[{"name":"wp","href":"https:\/\/api.w.org\/{rel}","templated":true}]}}