{"id":146,"date":"2025-02-08T18:16:28","date_gmt":"2025-02-08T17:16:28","guid":{"rendered":"https:\/\/soil-blatusa.com\/?page_id=146"},"modified":"2026-03-14T21:15:58","modified_gmt":"2026-03-14T20:15:58","slug":"projects","status":"publish","type":"page","link":"https:\/\/soil-blatusa.com\/hr\/projects\/","title":{"rendered":"projekti"},"content":{"rendered":"<div >\n        <div class=\" plethoraplugins-tabs-container plethoraplugins-tabs-container--horizontal plethoraplugins-theme__minimal plethoraplugins-theme__basic \" \n\t\t\tdata-pds-tabs--layout=\"horizontal\"  \n\t\t\tdata-pds-tabs--theme=\"basic\"  \n\t\t\tdata-pds-tabs--mobile-breakpoint-forced=\"\"\n\t\t\t data-pds-tabs--responsive=\"wrap\" \n\t\t\t\t\t data-pds-tabs--responsive-accordion-collapsed-initially=\"false\" data-pds-tabs--accordion-icon-type=\"\" data-pds-tabs--accordion-icon=\"true\"  data-pds-tabs--accordion-icon-size=\"\"  data-pds-tabs--accordion-heading-level=\"h3\" data-pds-tabs--accordion-auto-close=\"true\" >\n            <div class=\"plethoraplugins-tabs\"  >\n              <ul><li>\n                        <a \n                                href=\"#aktualne_aktivnosti\"\n                                class=\" active\" \n                            >\n                            <span><strong>aktualne aktivnosti<\/strong><\/span>\n                        <\/a>\n                    <\/li><li>\n                        <a \n                                href=\"#proli_dogaaji\"\n                                class=\"\" \n                            >\n                            <span>pro\u0161li doga\u0111aji<\/span>\n                        <\/a>\n                    <\/li><li>\n                        <a \n                                href=\"#uskoro\"\n                                class=\"\" \n                            >\n                            <span>uskoro<\/span>\n                        <\/a>\n                    <\/li><\/ul>\n            <\/div>\n            <div class=\"plethoraplugins-tabs--content\" >\n                \n<div class=\"\"  data-pds-tabs--accordion-initially-open=\"false\" >\n\n<div class=\"wp-block-media-text is-stacked-on-mobile\"><figure class=\"wp-block-media-text__media\"><img loading=\"lazy\" decoding=\"async\" width=\"768\" height=\"1024\" src=\"https:\/\/soil-blatusa.com\/wp-content\/uploads\/2025\/08\/IMG_5341-768x1024.jpg\" alt=\"\" class=\"wp-image-267 size-full\" srcset=\"https:\/\/soil-blatusa.com\/wp-content\/uploads\/2025\/08\/IMG_5341-768x1024.jpg 768w, https:\/\/soil-blatusa.com\/wp-content\/uploads\/2025\/08\/IMG_5341-225x300.jpg 225w, https:\/\/soil-blatusa.com\/wp-content\/uploads\/2025\/08\/IMG_5341-1152x1536.jpg 1152w, https:\/\/soil-blatusa.com\/wp-content\/uploads\/2025\/08\/IMG_5341-1536x2048.jpg 1536w, https:\/\/soil-blatusa.com\/wp-content\/uploads\/2025\/08\/IMG_5341-scaled.jpg 1920w\" sizes=\"auto, (max-width: 768px) 100vw, 768px\" \/><\/figure><div class=\"wp-block-media-text__content\">\n<h2 class=\"wp-block-heading\"><strong><mark style=\"background-color:rgba(0, 0, 0, 0)\" class=\"has-inline-color has-red-color\">\u0161umski vrti\u0107<\/mark> <strong><mark style=\"background-color:rgba(0, 0, 0, 0)\" class=\"has-inline-color has-red-color\"><strong>inspiriran Waldorfskom Pedagogijom<\/strong><\/mark><\/strong><\/strong><\/h2>\n\n\n\n<p><br><strong>Od svibnja 2025.<\/strong><\/p>\n\n\n\n<p>Tjedni \u0161umski vrti\u0107 za djecu od 4 do 8 godina, uklju\u010duje:<\/p>\n\n\n\n<ul class=\"wp-block-list\">\n<li>\u0160etnju do \u0161umskog vrti\u0107a<\/li>\n\n\n\n<li>Jutarnji krug s pjesmama i igrama<\/li>\n\n\n\n<li>Kreativnu ili likovno-umjetni\u010dku aktivnost<\/li>\n\n\n\n<li>Zajedni\u010dki piknik<\/li>\n\n\n\n<li>Vrijeme za pri\u010du ili bajke<\/li>\n\n\n\n<li>Slobodnu igru<\/li>\n\n\n\n<li>Zavr\u0161ni krug<\/li>\n\n\n\n<li>Zajedni\u010dku \u0161etnju natrag<\/li>\n<\/ul>\n<\/div><\/div>\n\n\n\n<div class=\"wp-block-media-text has-media-on-the-right is-stacked-on-mobile\"><div class=\"wp-block-media-text__content\">\n<h2 class=\"wp-block-heading has-red-color has-text-color has-link-color wp-elements-58ef033195cc4f555aa1bb97524a0d8f\">spavanje <strong><mark style=\"background-color:rgba(0, 0, 0, 0)\" class=\"has-inline-color has-red-color\">u \u0161umi<\/mark><\/strong><\/h2>\n\n\n\n<p><strong>Od kolovoza 2025.<\/strong><\/p>\n\n\n\n<p>Kada je vrijeme suho, pakiramo svoje planinarske ruksake i odlazimo u \u0161umu u na\u0161 kamp s tipijem. Sakupljamo drva, kuhamo na vatri i jedemo zajedno oko vatre, sviramo gitaru i pjevamo, a na kraju provodimo no\u0107 zajedno u tipiju.<\/p>\n<\/div><figure class=\"wp-block-media-text__media\"><img loading=\"lazy\" decoding=\"async\" width=\"1024\" height=\"768\" src=\"https:\/\/soil-blatusa.com\/wp-content\/uploads\/2025\/08\/20250819_180307-1024x768.jpg\" alt=\"\" class=\"wp-image-314 size-full\" srcset=\"https:\/\/soil-blatusa.com\/wp-content\/uploads\/2025\/08\/20250819_180307-1024x768.jpg 1024w, https:\/\/soil-blatusa.com\/wp-content\/uploads\/2025\/08\/20250819_180307-300x225.jpg 300w, https:\/\/soil-blatusa.com\/wp-content\/uploads\/2025\/08\/20250819_180307-768x576.jpg 768w, https:\/\/soil-blatusa.com\/wp-content\/uploads\/2025\/08\/20250819_180307-1536x1152.jpg 1536w, https:\/\/soil-blatusa.com\/wp-content\/uploads\/2025\/08\/20250819_180307-2048x1536.jpg 2048w\" sizes=\"auto, (max-width: 1024px) 100vw, 1024px\" \/><\/figure><\/div>\n\n\n\n<div class=\"wp-block-media-text is-stacked-on-mobile\"><figure class=\"wp-block-media-text__media\"><img loading=\"lazy\" decoding=\"async\" width=\"1024\" height=\"768\" src=\"https:\/\/soil-blatusa.com\/wp-content\/uploads\/2026\/03\/20251020_104139_cb-1024x768.jpg\" alt=\"\" class=\"wp-image-707 size-full\" srcset=\"https:\/\/soil-blatusa.com\/wp-content\/uploads\/2026\/03\/20251020_104139_cb-1024x768.jpg 1024w, https:\/\/soil-blatusa.com\/wp-content\/uploads\/2026\/03\/20251020_104139_cb-300x225.jpg 300w, https:\/\/soil-blatusa.com\/wp-content\/uploads\/2026\/03\/20251020_104139_cb-768x576.jpg 768w, https:\/\/soil-blatusa.com\/wp-content\/uploads\/2026\/03\/20251020_104139_cb-1536x1152.jpg 1536w, https:\/\/soil-blatusa.com\/wp-content\/uploads\/2026\/03\/20251020_104139_cb-2048x1536.jpg 2048w\" sizes=\"auto, (max-width: 1024px) 100vw, 1024px\" \/><\/figure><div class=\"wp-block-media-text__content\">\n<h2 class=\"wp-block-heading has-red-color has-text-color has-link-color wp-elements-8aa4994d6ed3d8b760506ed34a37c03b\">Satovi klavira na tipkovnici<\/h2>\n\n\n\n<p><strong>Od rujna 2025.<\/strong><\/p>\n\n\n\n<p>Tjedni sat za po dvoje djece na kojem:<\/p>\n\n\n\n<ul class=\"wp-block-list\">\n<li>istra\u017eujemo osnove glazbene teorije (uklju\u010duju\u0107i \u010ditanje i pisanje nota te sviranje jednostavnih skladbi s notnog zapisa)<\/li>\n\n\n\n<li>radimo vje\u017ebe za prste i koordinaciju ruku<\/li>\n\n\n\n<li>stje\u010demo prva iskustva u improvizaciji i komponiranju<\/li>\n<\/ul>\n<\/div><\/div>\n\n\n\n<div class=\"wp-block-media-text has-media-on-the-right is-stacked-on-mobile\"><div class=\"wp-block-media-text__content\">\n<h2 class=\"wp-block-heading has-red-color has-text-color has-link-color wp-elements-deede0308f7607aab1851b6b2ae246b6\"><strong>PonI pustolovine<\/strong><\/h2>\n\n\n\n<p><strong>Od listopada 2025.<\/strong><\/p>\n\n\n\n<p>Kako bismo prilagodili aktivnosti razli\u010ditim uzrastima i interesima, nudimo sljede\u0107e tjedne aktivnosti s ponijima, od kojih djeca mogu odabrati jednu:<\/p>\n\n\n\n<ul class=\"wp-block-list\">\n<li><strong>Satovi s ponijima<\/strong> koji pokrivaju osnovne interakcije s ponijima, brige o njima te kori\u0161tenje razli\u010dite opreme pri radu s njima<\/li>\n\n\n\n<li><strong>Vo\u0111ena jahanja na ponijima<\/strong> kroz okolne \u0161ume i polja<\/li>\n\n\n\n<li><strong>Satovi jahanja u areni i na stazi<\/strong> u engleskom ili western stilu<\/li>\n<\/ul>\n<\/div><figure class=\"wp-block-media-text__media\"><img loading=\"lazy\" decoding=\"async\" width=\"768\" height=\"1024\" src=\"https:\/\/soil-blatusa.com\/wp-content\/uploads\/2026\/03\/lana-marla-768x1024.jpg\" alt=\"\" class=\"wp-image-709 size-full\" srcset=\"https:\/\/soil-blatusa.com\/wp-content\/uploads\/2026\/03\/lana-marla-768x1024.jpg 768w, https:\/\/soil-blatusa.com\/wp-content\/uploads\/2026\/03\/lana-marla-225x300.jpg 225w, https:\/\/soil-blatusa.com\/wp-content\/uploads\/2026\/03\/lana-marla-1152x1536.jpg 1152w, https:\/\/soil-blatusa.com\/wp-content\/uploads\/2026\/03\/lana-marla-1536x2048.jpg 1536w, https:\/\/soil-blatusa.com\/wp-content\/uploads\/2026\/03\/lana-marla.jpg 1920w\" sizes=\"auto, (max-width: 768px) 100vw, 768px\" \/><\/figure><\/div>\n\n\n\n<div class=\"wp-block-media-text is-stacked-on-mobile\"><figure class=\"wp-block-media-text__media\"><img loading=\"lazy\" decoding=\"async\" width=\"1024\" height=\"768\" src=\"https:\/\/soil-blatusa.com\/wp-content\/uploads\/2025\/08\/IMG_4994-1024x768.jpg\" alt=\"\" class=\"wp-image-263 size-full\" srcset=\"https:\/\/soil-blatusa.com\/wp-content\/uploads\/2025\/08\/IMG_4994-1024x768.jpg 1024w, https:\/\/soil-blatusa.com\/wp-content\/uploads\/2025\/08\/IMG_4994-300x225.jpg 300w, https:\/\/soil-blatusa.com\/wp-content\/uploads\/2025\/08\/IMG_4994-768x576.jpg 768w, https:\/\/soil-blatusa.com\/wp-content\/uploads\/2025\/08\/IMG_4994-1536x1152.jpg 1536w, https:\/\/soil-blatusa.com\/wp-content\/uploads\/2025\/08\/IMG_4994-2048x1536.jpg 2048w\" sizes=\"auto, (max-width: 1024px) 100vw, 1024px\" \/><\/figure><div class=\"wp-block-media-text__content\">\n<h2 class=\"wp-block-heading has-red-color has-text-color has-link-color wp-elements-ce3a903718e5addb336b02661c2fe449\"><strong>Tjedni vrti\u0107 u prirodi<\/strong><\/h2>\n\n\n\n<p><strong>Od o\u017eujka 2026.<\/strong><\/p>\n\n\n\n<ul class=\"wp-block-list\">\n<li>planinarenje<\/li>\n\n\n\n<li>penjanje<\/li>\n\n\n\n<li>gradnja \u0161umskih skloni\u0161ta i mostova<\/li>\n\n\n\n<li>istra\u017eivanje toka vode i izrada vodenice<\/li>\n\n\n\n<li>igranje s prirodnim materijalima<\/li>\n\n\n\n<li>i sve ostale pustolovine koje nas \u010dekaju \ud83d\ude42<\/li>\n<\/ul>\n<\/div><\/div>\n\n<\/div>\n\n<div class=\"\"  data-pds-tabs--accordion-initially-open=\"false\" >\n\n<div class=\"wp-block-media-text is-stacked-on-mobile\" style=\"grid-template-columns:60% auto\"><figure class=\"wp-block-media-text__media\"><img loading=\"lazy\" decoding=\"async\" width=\"1024\" height=\"768\" src=\"https:\/\/soil-blatusa.com\/wp-content\/uploads\/2025\/08\/IMG_5290-1024x768.jpg\" alt=\"\" class=\"wp-image-265 size-full\" srcset=\"https:\/\/soil-blatusa.com\/wp-content\/uploads\/2025\/08\/IMG_5290-1024x768.jpg 1024w, https:\/\/soil-blatusa.com\/wp-content\/uploads\/2025\/08\/IMG_5290-300x225.jpg 300w, https:\/\/soil-blatusa.com\/wp-content\/uploads\/2025\/08\/IMG_5290-768x576.jpg 768w, https:\/\/soil-blatusa.com\/wp-content\/uploads\/2025\/08\/IMG_5290-1536x1152.jpg 1536w, https:\/\/soil-blatusa.com\/wp-content\/uploads\/2025\/08\/IMG_5290-2048x1536.jpg 2048w\" sizes=\"auto, (max-width: 1024px) 100vw, 1024px\" \/><\/figure><div class=\"wp-block-media-text__content\">\n<h2 class=\"wp-block-heading has-text-align-left\"><strong><mark style=\"background-color:rgba(0, 0, 0, 0)\" class=\"has-inline-color has-red-color\"><strong>Tjedni susreti slobodne igre<\/strong><\/mark><\/strong><\/h2>\n\n\n\n<p><strong><strong>sije\u010danj \u2013 prosinac 2025.<\/strong><\/strong><\/p>\n\n\n\n<p>Sastajemo se jednom tjedno na odre\u0111eni dan za slobodnu igru kao cijela grupa, u na\u0161oj u\u010dionici ili u \u0161umi.<\/p>\n<\/div><\/div>\n\n\n\n<div class=\"wp-block-media-text has-media-on-the-right is-stacked-on-mobile is-image-fill-element\" style=\"grid-template-columns:auto 42%\"><div class=\"wp-block-media-text__content\">\n<h2 class=\"wp-block-heading\"><strong><mark style=\"background-color:rgba(0, 0, 0, 0)\" class=\"has-inline-color has-red-color\">4 Seasons to Grow \u2013 <strong><mark style=\"background-color:rgba(0, 0, 0, 0)\" class=\"has-inline-color has-red-color\">rastimo<\/mark><\/strong><\/mark><\/strong> <strong><mark style=\"background-color:rgba(0, 0, 0, 0)\" class=\"has-inline-color has-red-color\">Kroz \u010detiri godi\u0161nja doba<\/mark><\/strong><br><\/h2>\n\n\n\n<p><strong><strong><strong>Lipanj 2024. \u2013 svibanj 2025.<\/strong><\/strong><\/strong><\/p>\n\n\n\n<p><strong>Financirano od strane Europske Komisije putem Hrvatske agencije za mobilnost u sklopu EU programa AMPEU<\/strong><\/p>\n\n\n\n<p>U ovom projektu tijekom jedne godine organizirali smo mjese\u010dne izlete i radionice za djecu od 3 do 10 godina, nadahnute godi\u0161njim dobima. Osim toga, odr\u017eana su i \u010detiri \u0161arena sezonska festivala na kojima su se okupljali roditelji, djeca, susjedi i prijatelji. Tako\u0111er smo obnovili i opremili veliku prostoriju koju sada koristimo i za radionice i za slobodnu igru. Ova bro\u0161ura objedinjuje na\u0161e izlete i radionice kao edukativni vodi\u010d:<\/p>\n\n\n\n<div class=\"wp-block-buttons is-layout-flex wp-block-buttons-is-layout-flex\">\n<div class=\"wp-block-button\"><a class=\"wp-block-button__link wp-element-button\" href=\"https:\/\/soil-blatusa.com\/wp-content\/uploads\/2025\/10\/booklet2.pdf\">Bro\u0161ura <em>Rastimo <mark style=\"background-color:rgba(0, 0, 0, 0)\" class=\"has-inline-color has-white-color\">Kroz \u010detiri godi\u0161nja doba<\/mark><\/em><\/a><\/div>\n<\/div>\n<\/div><figure class=\"wp-block-media-text__media\"><img loading=\"lazy\" decoding=\"async\" width=\"1024\" height=\"576\" src=\"https:\/\/soil-blatusa.com\/wp-content\/uploads\/2025\/08\/20240724_171436_ruhig-1024x576.jpg\" alt=\"\" class=\"wp-image-197 size-full\" style=\"object-position:50% 50%\" srcset=\"https:\/\/soil-blatusa.com\/wp-content\/uploads\/2025\/08\/20240724_171436_ruhig-1024x576.jpg 1024w, https:\/\/soil-blatusa.com\/wp-content\/uploads\/2025\/08\/20240724_171436_ruhig-300x169.jpg 300w, https:\/\/soil-blatusa.com\/wp-content\/uploads\/2025\/08\/20240724_171436_ruhig-768x432.jpg 768w, https:\/\/soil-blatusa.com\/wp-content\/uploads\/2025\/08\/20240724_171436_ruhig-1536x864.jpg 1536w, https:\/\/soil-blatusa.com\/wp-content\/uploads\/2025\/08\/20240724_171436_ruhig-2048x1152.jpg 2048w\" sizes=\"auto, (max-width: 1024px) 100vw, 1024px\" \/><\/figure><\/div>\n\n\n\n<div class=\"wp-block-media-text is-stacked-on-mobile is-image-fill-element\" style=\"grid-template-columns:53% auto\"><figure class=\"wp-block-media-text__media\"><img loading=\"lazy\" decoding=\"async\" width=\"1024\" height=\"768\" src=\"https:\/\/soil-blatusa.com\/wp-content\/uploads\/2025\/08\/IMG_1737-scaled_ruhig-1024x768.jpg\" alt=\"\" class=\"wp-image-258 size-full\" style=\"object-position:50% 50%\" srcset=\"https:\/\/soil-blatusa.com\/wp-content\/uploads\/2025\/08\/IMG_1737-scaled_ruhig-1024x768.jpg 1024w, https:\/\/soil-blatusa.com\/wp-content\/uploads\/2025\/08\/IMG_1737-scaled_ruhig-300x225.jpg 300w, https:\/\/soil-blatusa.com\/wp-content\/uploads\/2025\/08\/IMG_1737-scaled_ruhig-768x576.jpg 768w, https:\/\/soil-blatusa.com\/wp-content\/uploads\/2025\/08\/IMG_1737-scaled_ruhig-1536x1152.jpg 1536w, https:\/\/soil-blatusa.com\/wp-content\/uploads\/2025\/08\/IMG_1737-scaled_ruhig-2048x1536.jpg 2048w\" sizes=\"auto, (max-width: 1024px) 100vw, 1024px\" \/><\/figure><div class=\"wp-block-media-text__content\">\n<h2 class=\"wp-block-heading\"><mark style=\"background-color:rgba(0, 0, 0, 0)\" class=\"has-inline-color has-red-color\">Kreativno rekreativno<\/mark><\/h2>\n\n\n\n<p><strong><strong><strong>Lipanj \u2013 Studeni 2024.<\/strong><\/strong><\/strong><\/p>\n\n\n\n<p><strong><strong>Financirano od strane Op\u0107ine Gvozd<\/strong><\/strong><\/p>\n\n\n\n<p>Tijekom \u0161est mjeseci, u sklopu ovog projekta, nudili smo mjese\u010dne kreativne radionice za djecu od 3 do 10 godina. Tematski su obuhva\u0107ale igre s padobranom, narodne plesove iz cijelog svijeta, dje\u010dji cirkus, udaraljke, akrobatiku i kazali\u0161te. Osim toga, redovito se jednom tjedno odr\u017eavala slobodna igra u na\u0161oj u\u010dionici.<\/p>\n<\/div><\/div>\n\n<\/div>\n\n<div class=\"\"  data-pds-tabs--accordion-initially-open=\"false\" >\n\n<figure class=\"wp-block-table has-medium-font-size\"><table class=\"has-fixed-layout\"><tbody><tr><td><strong>5. travnja<\/strong><\/td><td><mark style=\"background-color:rgba(0, 0, 0, 0)\" class=\"has-inline-color has-green-color\"><strong>Uskrsna proslava<\/strong><\/mark><\/td><\/tr><\/tbody><\/table><\/figure>\n\n<\/div>\n\n            <\/div>\n        <\/div>\n        \n    <\/div>","protected":false},"excerpt":{"rendered":"","protected":false},"author":2,"featured_media":0,"parent":0,"menu_order":0,"comment_status":"closed","ping_status":"closed","template":"","meta":{"footnotes":""},"class_list":["post-146","page","type-page","status-publish","hentry"],"_links":{"self":[{"href":"https:\/\/soil-blatusa.com\/hr\/wp-json\/wp\/v2\/pages\/146","targetHints":{"allow":["GET"]}}],"collection":[{"href":"https:\/\/soil-blatusa.com\/hr\/wp-json\/wp\/v2\/pages"}],"about":[{"href":"https:\/\/soil-blatusa.com\/hr\/wp-json\/wp\/v2\/types\/page"}],"author":[{"embeddable":true,"href":"https:\/\/soil-blatusa.com\/hr\/wp-json\/wp\/v2\/users\/2"}],"replies":[{"embeddable":true,"href":"https:\/\/soil-blatusa.com\/hr\/wp-json\/wp\/v2\/comments?post=146"}],"version-history":[{"count":127,"href":"https:\/\/soil-blatusa.com\/hr\/wp-json\/wp\/v2\/pages\/146\/revisions"}],"predecessor-version":[{"id":744,"href":"https:\/\/soil-blatusa.com\/hr\/wp-json\/wp\/v2\/pages\/146\/revisions\/744"}],"wp:attachment":[{"href":"https:\/\/soil-blatusa.com\/hr\/wp-json\/wp\/v2\/media?parent=146"}],"curies":[{"name":"wp","href":"https:\/\/api.w.org\/{rel}","templated":true}]}}