{"id":9,"date":"2024-12-22T10:47:16","date_gmt":"2024-12-22T10:47:16","guid":{"rendered":"https:\/\/tadeussenf.de\/soil-blatusa.com\/?page_id=9"},"modified":"2026-03-14T21:34:20","modified_gmt":"2026-03-14T20:34:20","slug":"soil-society-of-individual-learning","status":"publish","type":"page","link":"https:\/\/soil-blatusa.com\/de\/","title":{"rendered":""},"content":{"rendered":"\n<div style=\"height:100px\" aria-hidden=\"true\" class=\"wp-block-spacer\"><\/div>\n\n\n\n<div class=\"wp-block-columns is-layout-flex wp-container-core-columns-is-layout-9d6595d7 wp-block-columns-is-layout-flex\">\n<div class=\"wp-block-column is-layout-flow wp-block-column-is-layout-flow\" style=\"flex-basis:66.66%\">\n<div class=\"alignnormal\"><div id=\"metaslider-id-219\" style=\"max-width: 2500px;\" class=\"ml-slider-3-108-0 metaslider metaslider-flex metaslider-219 ml-slider has-dots-nav ms-theme-default-base\" role=\"region\" aria-label=\"Slideshow Startseite\" data-height=\"1400\" data-width=\"2500\">\n    <div id=\"metaslider_container_219\">\n        <div id=\"metaslider_219\">\n            <ul aria-live='off' class='slides'>\n                <li style=\"display: block; width: 100%;\" class=\"slide-221 ms-image \" aria-roledescription=\"slide\" data-date=\"2025-08-09 15:38:13\" data-filename=\"IMG_5073_ruhig-scaled-2500x1400.jpg\" data-slide-type=\"image\"><img loading=\"lazy\" decoding=\"async\" src=\"https:\/\/soil-blatusa.com\/wp-content\/uploads\/2025\/08\/IMG_5073_ruhig-scaled-2500x1400.jpg\" height=\"1400\" width=\"2500\" alt=\"\" class=\"slider-219 slide-221 msDefaultImage\" title=\"IMG_5073_ruhig\" \/><\/li>\n                <li style=\"display: none; width: 100%;\" class=\"slide-227 ms-image \" aria-roledescription=\"slide\" data-date=\"2025-08-09 15:54:36\" data-filename=\"20240724_165437_ruhig-scaled-2500x1400.jpg\" data-slide-type=\"image\"><img loading=\"lazy\" decoding=\"async\" src=\"https:\/\/soil-blatusa.com\/wp-content\/uploads\/2025\/08\/20240724_165437_ruhig-scaled-2500x1400.jpg\" height=\"1400\" width=\"2500\" alt=\"\" class=\"slider-219 slide-227 msDefaultImage\" title=\"20240724_165437_ruhig\" \/><\/li>\n                <li style=\"display: none; width: 100%;\" class=\"slide-222 ms-image \" aria-roledescription=\"slide\" data-date=\"2025-08-09 15:38:13\" data-filename=\"IMG_5068_ruhig-scaled-2500x1400.jpg\" data-slide-type=\"image\"><img loading=\"lazy\" decoding=\"async\" src=\"https:\/\/soil-blatusa.com\/wp-content\/uploads\/2025\/08\/IMG_5068_ruhig-scaled-2500x1400.jpg\" height=\"1400\" width=\"2500\" alt=\"\" class=\"slider-219 slide-222 msDefaultImage\" title=\"IMG_5068_ruhig\" \/><\/li>\n                <li style=\"display: none; width: 100%;\" class=\"slide-745 ms-image \" aria-roledescription=\"slide\" data-date=\"2026-03-14 21:24:16\" data-filename=\"IMG_4985_ruhig-3-scaled-2500x1400.jpg\" data-slide-type=\"image\"><img loading=\"lazy\" decoding=\"async\" src=\"https:\/\/soil-blatusa.com\/wp-content\/uploads\/2025\/08\/IMG_4985_ruhig-3-scaled-2500x1400.jpg\" height=\"1400\" width=\"2500\" alt=\"\" class=\"slider-219 slide-745 msDefaultImage\" title=\"IMG_4985_ruhig\" \/><\/li>\n            <\/ul>\n        <\/div>\n        \n    <\/div>\n<\/div><\/div>\n<\/div>\n\n\n\n<div class=\"wp-block-column is-layout-flow wp-block-column-is-layout-flow\" style=\"flex-basis:33.33%\">\n<figure class=\"wp-block-pullquote\"><blockquote><p>&#8222;Man kann einen Menschen nichts lehren, man kann ihm nur helfen, es in sich selbst zu entdecken.&#8220; <\/p><cite>Galileo Galilei<\/cite><\/blockquote><\/figure>\n<\/div>\n<\/div>\n\n\n\n<div style=\"height:100px\" aria-hidden=\"true\" class=\"wp-block-spacer\"><\/div>\n\n\n\n<div class=\"wp-block-media-text has-media-on-the-right is-stacked-on-mobile is-image-fill-element\" style=\"grid-template-columns:auto 54%\"><div class=\"wp-block-media-text__content\">\n<h2 class=\"wp-block-heading has-text-align-center has-orange-color has-text-color has-link-color wp-elements-478c3a8560686b18cfa92db77c0b247f\" style=\"padding-top:var(--wp--preset--spacing--50);padding-bottom:var(--wp--preset--spacing--50)\">workshops<\/h2>\n\n\n\n<p class=\"has-text-align-center\">Es gibt so viele Lebensbereiche, die uns begeistern. Was k\u00f6nnte besser sein, als unseren eigenen Kindern den Zugang dazu zu erm\u00f6glichen, indem wir unser Wissen und unsere F\u00e4higkeiten mit ihnen teilen? Ganz klar: diesen Zugang gleich einer ganzen Gruppe von Kindern zu erm\u00f6glichen! <\/p>\n\n\n\n<p class=\"has-text-align-center\">Workshops sind ein wundervolles Mittel um Begeisterung zu teilen und eine gute Workshop-Reihe ist wie ein buntes Buffet, das Kindern und Erwachsenen neue Einblicke und Inspirationen schenkt. Was wollen wir lernen? Was wollen wir weitergeben? Welche Themen sprechen welches Kind besonders an? Und wohin geht die Reise der ganzen Gruppe?<\/p>\n<\/div><figure class=\"wp-block-media-text__media\"><img loading=\"lazy\" decoding=\"async\" width=\"768\" height=\"1024\" src=\"https:\/\/soil-blatusa.com\/wp-content\/uploads\/2025\/08\/5375407001695283050_121-768x1024.jpg\" alt=\"\" class=\"wp-image-273 size-full\" style=\"object-position:50% 50%\" srcset=\"https:\/\/soil-blatusa.com\/wp-content\/uploads\/2025\/08\/5375407001695283050_121-768x1024.jpg 768w, https:\/\/soil-blatusa.com\/wp-content\/uploads\/2025\/08\/5375407001695283050_121-225x300.jpg 225w, https:\/\/soil-blatusa.com\/wp-content\/uploads\/2025\/08\/5375407001695283050_121.jpg 960w\" sizes=\"auto, (max-width: 768px) 100vw, 768px\" \/><\/figure><\/div>\n\n\n\n<div class=\"wp-block-media-text is-stacked-on-mobile is-image-fill-element\" style=\"grid-template-columns:55% auto\"><figure class=\"wp-block-media-text__media\"><img loading=\"lazy\" decoding=\"async\" width=\"1024\" height=\"768\" src=\"https:\/\/soil-blatusa.com\/wp-content\/uploads\/2025\/08\/IMG_3326_ruhig-1024x768.jpg\" alt=\"\" class=\"wp-image-198 size-full\" style=\"object-position:50% 50%\" srcset=\"https:\/\/soil-blatusa.com\/wp-content\/uploads\/2025\/08\/IMG_3326_ruhig-1024x768.jpg 1024w, https:\/\/soil-blatusa.com\/wp-content\/uploads\/2025\/08\/IMG_3326_ruhig-300x225.jpg 300w, https:\/\/soil-blatusa.com\/wp-content\/uploads\/2025\/08\/IMG_3326_ruhig-768x576.jpg 768w, https:\/\/soil-blatusa.com\/wp-content\/uploads\/2025\/08\/IMG_3326_ruhig-1536x1152.jpg 1536w, https:\/\/soil-blatusa.com\/wp-content\/uploads\/2025\/08\/IMG_3326_ruhig-2048x1536.jpg 2048w\" sizes=\"auto, (max-width: 1024px) 100vw, 1024px\" \/><\/figure><div class=\"wp-block-media-text__content\">\n<h2 class=\"wp-block-heading has-text-align-center has-red-color has-text-color has-link-color wp-elements-3414c82bd02c50cef5f77cdaa6b21bbd\" style=\"padding-top:var(--wp--preset--spacing--50);padding-bottom:var(--wp--preset--spacing--50)\">Exkursionen<br><\/h2>\n\n\n\n<p class=\"has-text-align-center\">Der Wald, mit seinen H\u00fcgeln und T\u00e4lern, seinen B\u00e4chen, Quellen und dem See, Kletterb\u00e4umen und Lagerpl\u00e4tzen, und im Herbst mit einer F\u00fclle von Kastanien und Pilzen\u2026 Jede Exkursion in den Wald ist eine Liebeserkl\u00e4rung an die Natur, die uns umgibt und pr\u00e4gt. Der Wald wird dabei zum Klassenzimmer und Lehrmeister zugleich. Zur\u00fcck kehren Kinder, die zwar deutlich schmutziger sind als bei ihrem Aufbruch, aber auch gr\u00f6\u00dfer und st\u00e4rker \u2013 mehr mit sich selbst verbunden und als Gruppe enger zusammengewachsen.<\/p>\n<\/div><\/div>\n\n\n\n<div class=\"wp-block-media-text has-media-on-the-right is-stacked-on-mobile is-image-fill-element\" style=\"grid-template-columns:auto 54%\"><div class=\"wp-block-media-text__content\">\n<h2 class=\"wp-block-heading has-text-align-center has-green-color has-text-color has-link-color wp-elements-96f3a603904ede03b83fe3b33356185b\" style=\"padding-top:var(--wp--preset--spacing--50);padding-bottom:var(--wp--preset--spacing--50)\">Feste<\/h2>\n\n\n\n<p class=\"has-text-align-center\"><br>Unsere Feste sind wie kleine H\u00f6hepunkte im Jahreslauf: Gelegenheiten zum Innehalten, Staunen, Feiern und Dankbarsein. Sie entstehen aus dem Lauf der Jahreszeiten und lenken unsere Aufmerksamkeit auf das, was in der Natur gerade passiert.<br>Beim Feiern kommen alle zusammen: Kinder und Erwachsene, Freunde und G\u00e4ste, alte Bekannte und neue Gesichter. Es wird gegessen und gesungen, gelacht und gestaunt \u2013 und mittendrin entstehen neue Projektideen und ganz nebenbei ein St\u00fcckchen mehr Gemeinschaft.<\/p>\n<\/div><figure class=\"wp-block-media-text__media\"><img loading=\"lazy\" decoding=\"async\" width=\"768\" height=\"1024\" src=\"https:\/\/soil-blatusa.com\/wp-content\/uploads\/2025\/08\/5375407001695283063_121-768x1024.jpg\" alt=\"\" class=\"wp-image-279 size-full\" style=\"object-position:50% 50%\" srcset=\"https:\/\/soil-blatusa.com\/wp-content\/uploads\/2025\/08\/5375407001695283063_121-768x1024.jpg 768w, https:\/\/soil-blatusa.com\/wp-content\/uploads\/2025\/08\/5375407001695283063_121-225x300.jpg 225w, https:\/\/soil-blatusa.com\/wp-content\/uploads\/2025\/08\/5375407001695283063_121.jpg 960w\" sizes=\"auto, (max-width: 768px) 100vw, 768px\" \/><\/figure><\/div>\n\n\n\n<div class=\"wp-block-group is-content-justification-center is-nowrap is-layout-flex wp-container-core-group-is-layout-e1a27aa3 wp-block-group-is-layout-flex\" style=\"padding-top:var(--wp--preset--spacing--50);padding-bottom:var(--wp--preset--spacing--50)\">\n<figure class=\"wp-block-image size-full is-resized is-style-rounded\"><img loading=\"lazy\" decoding=\"async\" width=\"500\" height=\"500\" src=\"https:\/\/soil-blatusa.com\/wp-content\/uploads\/2025\/01\/SOIL_Logo1.jpg\" alt=\"\" class=\"wp-image-102\" style=\"width:auto;height:150px\" srcset=\"https:\/\/soil-blatusa.com\/wp-content\/uploads\/2025\/01\/SOIL_Logo1.jpg 500w, https:\/\/soil-blatusa.com\/wp-content\/uploads\/2025\/01\/SOIL_Logo1-300x300.jpg 300w, https:\/\/soil-blatusa.com\/wp-content\/uploads\/2025\/01\/SOIL_Logo1-150x150.jpg 150w\" sizes=\"auto, (max-width: 500px) 100vw, 500px\" \/><\/figure>\n\n\n\n<div class=\"wp-block-group is-vertical is-layout-flex wp-container-core-group-is-layout-b5b495a2 wp-block-group-is-layout-flex\" style=\"padding-top:0;padding-right:var(--wp--preset--spacing--50);padding-bottom:0;padding-left:var(--wp--preset--spacing--50)\">\n<p>Blatu\u0161a 81<\/p>\n\n\n\n<p>44410, Gvozd, Kroatien<\/p>\n\n\n<a href=\"&#x74;&#x65;&#108;:&#x2b;&#x33;&#56;&#53;%&#x32;&#x30;&#57;&#55;7&#x30;&#x37;&#52;25&#x31;\">+&#51;&#56;&#x35;&#x20;97&#55;&#48;&#x37;&#x34;25&#49;<\/a>\n\n\n\n<p><a href=\"&#x6d;&#97;&#105;&#x6c;&#x74;&#111;&#58;&#x77;&#x65;&#108;&#99;&#x6f;&#x6d;&#101;&#64;&#x73;&#x6f;&#105;&#108;&#x2d;&#x62;&#108;&#97;&#x74;&#x75;&#115;&#97;&#x2e;&#x63;&#111;&#109;\">&#x77;&#x65;&#108;&#99;o&#x6d;&#x65;&#x40;&#115;oi&#x6c;&#x2d;&#98;&#108;a&#x74;&#x75;&#x73;&#97;&#46;c&#x6f;&#x6d;<\/a><\/p>\n<\/div>\n<\/div>\n","protected":false},"excerpt":{"rendered":"<p>&#8222;Man kann einen Menschen nichts lehren, man kann ihm nur helfen, es in sich selbst zu entdecken.&#8220; Galileo Galilei workshops Es gibt so viele Lebensbereiche, die uns begeistern. Was k\u00f6nnte besser sein, als unseren eigenen Kindern den Zugang dazu zu erm\u00f6glichen, indem wir unser Wissen und unsere F\u00e4higkeiten mit ihnen teilen? Ganz klar: diesen Zugang &hellip; <a href=\"https:\/\/soil-blatusa.com\/de\/\">Continued<\/a><\/p>\n","protected":false},"author":2,"featured_media":0,"parent":0,"menu_order":0,"comment_status":"closed","ping_status":"closed","template":"","meta":{"footnotes":""},"class_list":["post-9","page","type-page","status-publish","hentry"],"_links":{"self":[{"href":"https:\/\/soil-blatusa.com\/de\/wp-json\/wp\/v2\/pages\/9","targetHints":{"allow":["GET"]}}],"collection":[{"href":"https:\/\/soil-blatusa.com\/de\/wp-json\/wp\/v2\/pages"}],"about":[{"href":"https:\/\/soil-blatusa.com\/de\/wp-json\/wp\/v2\/types\/page"}],"author":[{"embeddable":true,"href":"https:\/\/soil-blatusa.com\/de\/wp-json\/wp\/v2\/users\/2"}],"replies":[{"embeddable":true,"href":"https:\/\/soil-blatusa.com\/de\/wp-json\/wp\/v2\/comments?post=9"}],"version-history":[{"count":98,"href":"https:\/\/soil-blatusa.com\/de\/wp-json\/wp\/v2\/pages\/9\/revisions"}],"predecessor-version":[{"id":694,"href":"https:\/\/soil-blatusa.com\/de\/wp-json\/wp\/v2\/pages\/9\/revisions\/694"}],"wp:attachment":[{"href":"https:\/\/soil-blatusa.com\/de\/wp-json\/wp\/v2\/media?parent=9"}],"curies":[{"name":"wp","href":"https:\/\/api.w.org\/{rel}","templated":true}]}}