{"id":2,"date":"2024-12-22T10:19:09","date_gmt":"2024-12-22T10:19:09","guid":{"rendered":"https:\/\/tadeussenf.de\/soil-blatusa.com\/?page_id=2"},"modified":"2025-10-08T18:29:43","modified_gmt":"2025-10-08T17:29:43","slug":"about-us","status":"publish","type":"page","link":"https:\/\/soil-blatusa.com\/de\/about-us\/","title":{"rendered":"\u00fcber uns"},"content":{"rendered":"\n<div class=\"wp-block-media-text has-media-on-the-right is-stacked-on-mobile img-responsive\" style=\"grid-template-columns:auto 26%\"><div class=\"wp-block-media-text__content\">\n<p><mark style=\"background-color:rgba(0, 0, 0, 0)\" class=\"has-inline-color has-orange-color\">Wir sind ein internationales Team von Eltern und Vision\u00e4ren im \u00d6kodorf Blatu\u0161a, 70 km s\u00fcdlich von Zagreb in Kroatien.<\/mark><\/p>\n\n\n\n<p><mark style=\"background-color:rgba(0, 0, 0, 0)\" class=\"has-inline-color has-orange-color\">Als Naturfreunde und Gartenprofis, Bildungsreisende und Outdoor-Spezialisten vereinen wir unterschiedliche Perspektiven auf das Leben und teilen dabei den Wunsch, f\u00fcr unsere Kinder naturverbundene, nachhaltige Lernerfahrungen zu schaffen &#8211; und dabei auch selbst immer weiter zusammenzuwachsen. <\/mark><\/p>\n\n\n\n<p><mark style=\"background-color:rgba(0, 0, 0, 0)\" class=\"has-inline-color has-orange-color\">Aus tiefstem Herzen f\u00fchlen wir uns einer sch\u00fclerzentrierten, ganzheitlichen P\u00e4dagogik verbunden und suchen t\u00e4glich nach neuen Wegen, diese mit Leben zu f\u00fcllen.<\/mark><\/p>\n\n\n\n<p><mark style=\"background-color:rgba(0, 0, 0, 0)\" class=\"has-inline-color has-red-color\">Oft f\u00fchren uns diese Wege in den Wald, den Ort, wo die Zeit stillsteht und sich doch wie nirgendwo anders verwandelt. Den Ort, wo alles Raum hat und alles Frieden findet und wo doch aus jedem Ausflug, ein Abenteuer wird\u2026<\/mark><\/p>\n<\/div><figure class=\"wp-block-media-text__media\"><img loading=\"lazy\" decoding=\"async\" width=\"512\" height=\"512\" src=\"https:\/\/soil-blatusa.com\/wp-content\/uploads\/2025\/08\/cropped-SOIL-Logo1.jpg\" alt=\"\" class=\"wp-image-242 size-full\" srcset=\"https:\/\/soil-blatusa.com\/wp-content\/uploads\/2025\/08\/cropped-SOIL-Logo1.jpg 512w, https:\/\/soil-blatusa.com\/wp-content\/uploads\/2025\/08\/cropped-SOIL-Logo1-300x300.jpg 300w, https:\/\/soil-blatusa.com\/wp-content\/uploads\/2025\/08\/cropped-SOIL-Logo1-150x150.jpg 150w, https:\/\/soil-blatusa.com\/wp-content\/uploads\/2025\/08\/cropped-SOIL-Logo1-270x270.jpg 270w, https:\/\/soil-blatusa.com\/wp-content\/uploads\/2025\/08\/cropped-SOIL-Logo1-192x192.jpg 192w, https:\/\/soil-blatusa.com\/wp-content\/uploads\/2025\/08\/cropped-SOIL-Logo1-180x180.jpg 180w, https:\/\/soil-blatusa.com\/wp-content\/uploads\/2025\/08\/cropped-SOIL-Logo1-32x32.jpg 32w\" sizes=\"auto, (max-width: 512px) 100vw, 512px\" \/><\/figure><\/div>\n\n\n\n<div style=\"height:100px\" aria-hidden=\"true\" class=\"wp-block-spacer\"><\/div>\n\n\n\n<p class=\"has-text-align-center\">Damit unsere gemeinsamen Ideen auch einen offiziellen Rahmen bekommen, haben wir im Fr\u00fchling 2025 den Verein <strong>SOIL<\/strong> gegr\u00fcndet.<\/p>\n\n\n\n<p class=\"has-text-align-center\">Hier findest du unsere Satzung und ein paar Info-Flyer zum Reinschauen.<\/p>\n\n\n\n<div style=\"height:100px\" aria-hidden=\"true\" class=\"wp-block-spacer\"><\/div>\n\n\n\n<div class=\"wp-block-buttons is-content-justification-center is-layout-flex wp-container-core-buttons-is-layout-16018d1d wp-block-buttons-is-layout-flex\">\n<div class=\"wp-block-button is-style-default\"><a class=\"wp-block-button__link has-medium-font-size has-custom-font-size wp-element-button\" href=\"https:\/\/soil-blatusa.com\/wp-content\/uploads\/2025\/10\/SOIL-statut-hrvatski.novi_.pdf\">Satzung des Vereins SOIL<\/a><\/div>\n<\/div>\n\n\n\n<div style=\"height:100px\" aria-hidden=\"true\" class=\"wp-block-spacer\"><\/div>\n\n\n\n<div class=\"wp-block-columns is-layout-flex wp-container-core-columns-is-layout-9d6595d7 wp-block-columns-is-layout-flex\">\n<div class=\"wp-block-column is-layout-flow wp-block-column-is-layout-flow\">\n<div class=\"wp-block-buttons is-layout-flex wp-block-buttons-is-layout-flex\">\n<div class=\"wp-block-button\"><a class=\"wp-block-button__link has-medium-font-size has-custom-font-size wp-element-button\" href=\"https:\/\/soil-blatusa.com\/wp-content\/uploads\/2025\/09\/some-basics-for-attending-our-activities.pdf\">Some basics for attending our activities<\/a><\/div>\n<\/div>\n<\/div>\n\n\n\n<div class=\"wp-block-column is-layout-flow wp-block-column-is-layout-flow\">\n<div class=\"wp-block-buttons is-layout-flex wp-block-buttons-is-layout-flex\">\n<div class=\"wp-block-button has-custom-width wp-block-button__width-100\"><a class=\"wp-block-button__link has-medium-font-size has-custom-font-size wp-element-button\" href=\"https:\/\/soil-blatusa.com\/wp-content\/uploads\/2025\/09\/how-to-become-a-SOIL-member.pdf\">How to become a SOIL member?<\/a><\/div>\n<\/div>\n<\/div>\n\n\n\n<div class=\"wp-block-column is-layout-flow wp-block-column-is-layout-flow\"><\/div>\n<\/div>\n","protected":false},"excerpt":{"rendered":"<p>Wir sind ein internationales Team von Eltern und Vision\u00e4ren im \u00d6kodorf Blatu\u0161a, 70 km s\u00fcdlich von Zagreb in Kroatien. Als Naturfreunde und Gartenprofis, Bildungsreisende und Outdoor-Spezialisten vereinen wir unterschiedliche Perspektiven auf das Leben und teilen dabei den Wunsch, f\u00fcr unsere Kinder naturverbundene, nachhaltige Lernerfahrungen zu schaffen &#8211; und dabei auch selbst immer weiter zusammenzuwachsen. Aus &hellip; <a href=\"https:\/\/soil-blatusa.com\/de\/about-us\/\">Continued<\/a><\/p>\n","protected":false},"author":2,"featured_media":0,"parent":0,"menu_order":0,"comment_status":"closed","ping_status":"closed","template":"","meta":{"footnotes":""},"class_list":["post-2","page","type-page","status-publish","hentry"],"_links":{"self":[{"href":"https:\/\/soil-blatusa.com\/de\/wp-json\/wp\/v2\/pages\/2","targetHints":{"allow":["GET"]}}],"collection":[{"href":"https:\/\/soil-blatusa.com\/de\/wp-json\/wp\/v2\/pages"}],"about":[{"href":"https:\/\/soil-blatusa.com\/de\/wp-json\/wp\/v2\/types\/page"}],"author":[{"embeddable":true,"href":"https:\/\/soil-blatusa.com\/de\/wp-json\/wp\/v2\/users\/2"}],"replies":[{"embeddable":true,"href":"https:\/\/soil-blatusa.com\/de\/wp-json\/wp\/v2\/comments?post=2"}],"version-history":[{"count":69,"href":"https:\/\/soil-blatusa.com\/de\/wp-json\/wp\/v2\/pages\/2\/revisions"}],"predecessor-version":[{"id":677,"href":"https:\/\/soil-blatusa.com\/de\/wp-json\/wp\/v2\/pages\/2\/revisions\/677"}],"wp:attachment":[{"href":"https:\/\/soil-blatusa.com\/de\/wp-json\/wp\/v2\/media?parent=2"}],"curies":[{"name":"wp","href":"https:\/\/api.w.org\/{rel}","templated":true}]}}