{"id":146,"date":"2025-02-08T18:16:28","date_gmt":"2025-02-08T17:16:28","guid":{"rendered":"https:\/\/soil-blatusa.com\/?page_id=146"},"modified":"2026-03-14T21:15:58","modified_gmt":"2026-03-14T20:15:58","slug":"projects","status":"publish","type":"page","link":"https:\/\/soil-blatusa.com\/de\/projects\/","title":{"rendered":"aktionen"},"content":{"rendered":"<div >\n        <div class=\" plethoraplugins-tabs-container plethoraplugins-tabs-container--horizontal plethoraplugins-theme__minimal plethoraplugins-theme__basic \" \n\t\t\tdata-pds-tabs--layout=\"horizontal\"  \n\t\t\tdata-pds-tabs--theme=\"basic\"  \n\t\t\tdata-pds-tabs--mobile-breakpoint-forced=\"\"\n\t\t\t data-pds-tabs--responsive=\"wrap\" \n\t\t\t\t\t data-pds-tabs--responsive-accordion-collapsed-initially=\"false\" data-pds-tabs--accordion-icon-type=\"\" data-pds-tabs--accordion-icon=\"true\"  data-pds-tabs--accordion-icon-size=\"\"  data-pds-tabs--accordion-heading-level=\"h3\" data-pds-tabs--accordion-auto-close=\"true\" >\n            <div class=\"plethoraplugins-tabs\"  >\n              <ul><li>\n                        <a \n                                href=\"#aktuelle_veranstaltungen\"\n                                class=\" active\" \n                            >\n                            <span>aktuelle Veranstaltungen<\/span>\n                        <\/a>\n                    <\/li><li>\n                        <a \n                                href=\"#vergangene_veranstaltungen\"\n                                class=\"\" \n                            >\n                            <span>vergangene Veranstaltungen<\/span>\n                        <\/a>\n                    <\/li><li>\n                        <a \n                                href=\"#demnchst\"\n                                class=\"\" \n                            >\n                            <span>demn\u00e4chst<\/span>\n                        <\/a>\n                    <\/li><\/ul>\n            <\/div>\n            <div class=\"plethoraplugins-tabs--content\" >\n                \n<div class=\"\"  data-pds-tabs--accordion-initially-open=\"false\" >\n\n<div class=\"wp-block-media-text is-stacked-on-mobile\"><figure class=\"wp-block-media-text__media\"><img loading=\"lazy\" decoding=\"async\" width=\"768\" height=\"1024\" src=\"https:\/\/soil-blatusa.com\/wp-content\/uploads\/2025\/08\/IMG_5341-768x1024.jpg\" alt=\"\" class=\"wp-image-267 size-full\" srcset=\"https:\/\/soil-blatusa.com\/wp-content\/uploads\/2025\/08\/IMG_5341-768x1024.jpg 768w, https:\/\/soil-blatusa.com\/wp-content\/uploads\/2025\/08\/IMG_5341-225x300.jpg 225w, https:\/\/soil-blatusa.com\/wp-content\/uploads\/2025\/08\/IMG_5341-1152x1536.jpg 1152w, https:\/\/soil-blatusa.com\/wp-content\/uploads\/2025\/08\/IMG_5341-1536x2048.jpg 1536w, https:\/\/soil-blatusa.com\/wp-content\/uploads\/2025\/08\/IMG_5341-scaled.jpg 1920w\" sizes=\"auto, (max-width: 768px) 100vw, 768px\" \/><\/figure><div class=\"wp-block-media-text__content\">\n<h2 class=\"wp-block-heading\"><strong><strong><mark style=\"background-color:rgba(0, 0, 0, 0)\" class=\"has-inline-color has-red-color\"><strong>Waldorf-inspirierter Waldkindergarten<\/strong><\/mark><\/strong><\/strong><\/h2>\n\n\n\n<p><br><strong>seit Mai 2025<\/strong><\/p>\n\n\n\n<p>Ein w\u00f6chentlicher Kindergarten im Wald f\u00fcr Kinder im Alter von 4-8 Jahren mit:<\/p>\n\n\n\n<ul class=\"wp-block-list\">\n<li>Spaziergang zum Waldkindergarten<\/li>\n\n\n\n<li>Morgenkreis mit Liedern und Spielen<\/li>\n\n\n\n<li>Kreativ- oder Handwerksaktivit\u00e4t<\/li>\n\n\n\n<li>gemeinsames Picknick<\/li>\n\n\n\n<li>M\u00e4rchen- oder Geschichtenzeit<\/li>\n\n\n\n<li>Freispiel<\/li>\n\n\n\n<li>Abschlusskreis<\/li>\n\n\n\n<li>gemeinsamer R\u00fcckweg<\/li>\n<\/ul>\n<\/div><\/div>\n\n\n\n<div class=\"wp-block-media-text has-media-on-the-right is-stacked-on-mobile\"><div class=\"wp-block-media-text__content\">\n<h2 class=\"wp-block-heading\"><strong><mark style=\"background-color:rgba(0, 0, 0, 0)\" class=\"has-inline-color has-red-color\">\u00fcbernachtungen im wald<\/mark><\/strong><\/h2>\n\n\n\n<p><strong>seit August 2025<\/strong><\/p>\n\n\n\n<p>Bei trockenem Wetter packen wir unsere Wanderrucks\u00e4cke und ziehen in den Wald zu unserem Tipi-Camp. Wir sammeln Feuerholz, kochen und essen gemeinsam am Feuer, spielen Girtarre und singen dazu und \u00fcbernachten schliesslich zusammen im Tipi.<\/p>\n<\/div><figure class=\"wp-block-media-text__media\"><img loading=\"lazy\" decoding=\"async\" width=\"1024\" height=\"768\" src=\"https:\/\/soil-blatusa.com\/wp-content\/uploads\/2025\/08\/20250819_180307-1024x768.jpg\" alt=\"\" class=\"wp-image-314 size-full\" srcset=\"https:\/\/soil-blatusa.com\/wp-content\/uploads\/2025\/08\/20250819_180307-1024x768.jpg 1024w, https:\/\/soil-blatusa.com\/wp-content\/uploads\/2025\/08\/20250819_180307-300x225.jpg 300w, https:\/\/soil-blatusa.com\/wp-content\/uploads\/2025\/08\/20250819_180307-768x576.jpg 768w, https:\/\/soil-blatusa.com\/wp-content\/uploads\/2025\/08\/20250819_180307-1536x1152.jpg 1536w, https:\/\/soil-blatusa.com\/wp-content\/uploads\/2025\/08\/20250819_180307-2048x1536.jpg 2048w\" sizes=\"auto, (max-width: 1024px) 100vw, 1024px\" \/><\/figure><\/div>\n\n\n\n<div class=\"wp-block-media-text is-stacked-on-mobile\"><figure class=\"wp-block-media-text__media\"><img loading=\"lazy\" decoding=\"async\" width=\"1024\" height=\"768\" src=\"https:\/\/soil-blatusa.com\/wp-content\/uploads\/2026\/03\/20251020_104139_cb-1024x768.jpg\" alt=\"\" class=\"wp-image-707 size-full\" srcset=\"https:\/\/soil-blatusa.com\/wp-content\/uploads\/2026\/03\/20251020_104139_cb-1024x768.jpg 1024w, https:\/\/soil-blatusa.com\/wp-content\/uploads\/2026\/03\/20251020_104139_cb-300x225.jpg 300w, https:\/\/soil-blatusa.com\/wp-content\/uploads\/2026\/03\/20251020_104139_cb-768x576.jpg 768w, https:\/\/soil-blatusa.com\/wp-content\/uploads\/2026\/03\/20251020_104139_cb-1536x1152.jpg 1536w, https:\/\/soil-blatusa.com\/wp-content\/uploads\/2026\/03\/20251020_104139_cb-2048x1536.jpg 2048w\" sizes=\"auto, (max-width: 1024px) 100vw, 1024px\" \/><\/figure><div class=\"wp-block-media-text__content\">\n<h2 class=\"wp-block-heading has-red-color has-text-color has-link-color wp-elements-755324e41fa235689a28fc51baacb7cf\">Klavierstunden am Keyboard<\/h2>\n\n\n\n<p><strong>Seit September 2025<\/strong><\/p>\n\n\n\n<p>W\u00f6chentlicher Unterricht in Zweiergruppen, in dem wir:<\/p>\n\n\n\n<ul class=\"wp-block-list\">\n<li>die Grundlagen der Musiktheorie entdecken (einschlie\u00dflich Notenlesen und -schreiben sowie dem Spielen einfacher St\u00fccke vom Notenblatt)<\/li>\n\n\n\n<li>Fingertechnik und Handkoordination trainieren<\/li>\n\n\n\n<li>erste Erfahrungen im Improvisieren und Komponieren sammeln<br><\/li>\n<\/ul>\n<\/div><\/div>\n\n\n\n<div class=\"wp-block-media-text has-media-on-the-right is-stacked-on-mobile\"><div class=\"wp-block-media-text__content\">\n<h2 class=\"wp-block-heading has-red-color has-text-color has-link-color wp-elements-1b0183d98360c472e58800ffe1ee3a8a\">Pony welt<\/h2>\n\n\n\n<p><strong>Seit Oktober 2025<\/strong><\/p>\n\n\n\n<p>Um den unterschiedlichen Altersgruppen und Interessen gerecht zu werden, bieten wir w\u00f6chentliche Aktivit\u00e4ten mit Ponys an, aus denen die Kinder w\u00e4hlen k\u00f6nnen:<\/p>\n\n\n\n<ul class=\"wp-block-list\">\n<li><strong>Ponyunterricht<\/strong>: Grundlagen des Umgangs mit Ponys, Pflege und der Einsatz verschiedener Ausr\u00fcstungen beim Arbeiten mit ihnen<\/li>\n\n\n\n<li><strong>Gef\u00fchrte Ponyausritte<\/strong> durch die umliegenden W\u00e4lder und Felder<\/li>\n\n\n\n<li><strong>Reitstunden in der Halle und auf dem Reitgel\u00e4nde<\/strong> in Englisch- oder Westernreiten<\/li>\n<\/ul>\n<\/div><figure class=\"wp-block-media-text__media\"><img loading=\"lazy\" decoding=\"async\" width=\"768\" height=\"1024\" src=\"https:\/\/soil-blatusa.com\/wp-content\/uploads\/2026\/03\/lana-marla-768x1024.jpg\" alt=\"\" class=\"wp-image-709 size-full\" srcset=\"https:\/\/soil-blatusa.com\/wp-content\/uploads\/2026\/03\/lana-marla-768x1024.jpg 768w, https:\/\/soil-blatusa.com\/wp-content\/uploads\/2026\/03\/lana-marla-225x300.jpg 225w, https:\/\/soil-blatusa.com\/wp-content\/uploads\/2026\/03\/lana-marla-1152x1536.jpg 1152w, https:\/\/soil-blatusa.com\/wp-content\/uploads\/2026\/03\/lana-marla-1536x2048.jpg 1536w, https:\/\/soil-blatusa.com\/wp-content\/uploads\/2026\/03\/lana-marla.jpg 1920w\" sizes=\"auto, (max-width: 768px) 100vw, 768px\" \/><\/figure><\/div>\n\n\n\n<div class=\"wp-block-media-text is-stacked-on-mobile\"><figure class=\"wp-block-media-text__media\"><img loading=\"lazy\" decoding=\"async\" width=\"1024\" height=\"768\" src=\"https:\/\/soil-blatusa.com\/wp-content\/uploads\/2025\/08\/IMG_4994-1024x768.jpg\" alt=\"\" class=\"wp-image-263 size-full\" srcset=\"https:\/\/soil-blatusa.com\/wp-content\/uploads\/2025\/08\/IMG_4994-1024x768.jpg 1024w, https:\/\/soil-blatusa.com\/wp-content\/uploads\/2025\/08\/IMG_4994-300x225.jpg 300w, https:\/\/soil-blatusa.com\/wp-content\/uploads\/2025\/08\/IMG_4994-768x576.jpg 768w, https:\/\/soil-blatusa.com\/wp-content\/uploads\/2025\/08\/IMG_4994-1536x1152.jpg 1536w, https:\/\/soil-blatusa.com\/wp-content\/uploads\/2025\/08\/IMG_4994-2048x1536.jpg 2048w\" sizes=\"auto, (max-width: 1024px) 100vw, 1024px\" \/><\/figure><div class=\"wp-block-media-text__content\">\n<h2 class=\"wp-block-heading has-red-color has-text-color has-link-color wp-elements-e19a86abc9ec26ae09dea3c4b523d08b\"><strong>Natur-Kindergarten<\/strong><\/h2>\n\n\n\n<p><strong>Seit M\u00e4rz 2026<\/strong><\/p>\n\n\n\n<ul class=\"wp-block-list\">\n<li>Wandern<\/li>\n\n\n\n<li>Klettern<\/li>\n\n\n\n<li>Naturbauten im Wald<\/li>\n\n\n\n<li>Den Wasserlauf erkunden und eine Wasserm\u00fchle bauen<\/li>\n\n\n\n<li>Mit Naturmaterialien spielen<\/li>\n\n\n\n<li>&#8230; und was sonst noch des Weges kommt \ud83d\ude42<\/li>\n<\/ul>\n<\/div><\/div>\n\n<\/div>\n\n<div class=\"\"  data-pds-tabs--accordion-initially-open=\"false\" >\n\n<div class=\"wp-block-media-text is-stacked-on-mobile\" style=\"grid-template-columns:60% auto\"><figure class=\"wp-block-media-text__media\"><img loading=\"lazy\" decoding=\"async\" width=\"1024\" height=\"768\" src=\"https:\/\/soil-blatusa.com\/wp-content\/uploads\/2025\/08\/IMG_5290-1024x768.jpg\" alt=\"\" class=\"wp-image-265 size-full\" srcset=\"https:\/\/soil-blatusa.com\/wp-content\/uploads\/2025\/08\/IMG_5290-1024x768.jpg 1024w, https:\/\/soil-blatusa.com\/wp-content\/uploads\/2025\/08\/IMG_5290-300x225.jpg 300w, https:\/\/soil-blatusa.com\/wp-content\/uploads\/2025\/08\/IMG_5290-768x576.jpg 768w, https:\/\/soil-blatusa.com\/wp-content\/uploads\/2025\/08\/IMG_5290-1536x1152.jpg 1536w, https:\/\/soil-blatusa.com\/wp-content\/uploads\/2025\/08\/IMG_5290-2048x1536.jpg 2048w\" sizes=\"auto, (max-width: 1024px) 100vw, 1024px\" \/><\/figure><div class=\"wp-block-media-text__content\">\n<h2 class=\"wp-block-heading has-text-align-left\"><strong><mark style=\"background-color:rgba(0, 0, 0, 0)\" class=\"has-inline-color has-red-color\">W\u00f6echentliche Freispiel-Treffen<\/mark><\/strong><\/h2>\n\n\n\n<p><strong>Januar &#8211; Dezember 2025<\/strong><\/p>\n\n\n\n<p>Um den Kindern die M\u00f6glichkeit zu geben, sich regelm\u00e4ssig in der ganzen Gruppe zu sehen, und aufgrund grosser Beliebtheit dieser Veranstaltung haben wir uns vergangenes Jahr an einem festen Tag in der Woche zum freien Spielen im &#8222;Klassenraum&#8220; oder im Wald getroffen.<\/p>\n<\/div><\/div>\n\n\n\n<div class=\"wp-block-media-text has-media-on-the-right is-stacked-on-mobile is-image-fill-element\" style=\"grid-template-columns:auto 42%\"><div class=\"wp-block-media-text__content\">\n<h2 class=\"wp-block-heading\"><strong><mark style=\"background-color:rgba(0, 0, 0, 0)\" class=\"has-inline-color has-red-color\">4 Seasons to Grow \u2013 Kroz \u010detiri godi\u0161nja doba rastimo<\/mark><\/strong><br><\/h2>\n\n\n\n<p><strong><strong><strong>Juni 2024 \u2013 Mai 2025<\/strong><\/strong><\/strong><\/p>\n\n\n\n<p><strong>Gef\u00f6rdert von der Europ\u00e4ischen Kommission \u00fcber die kroatische Mobilit\u00e4tsagentur im Rahmen des EU-AMPEU-Programms<\/strong><\/p>\n\n\n\n<p>Als Teil dieses Projekts haben wir ein Jahr lang jeden Monat einen Ausflug und einen Workshop f\u00fcr Kinder zwischen 3 und 10 Jahren organisiert, inspiriert von den Jahreszeiten. Dazu kamen vier bunte Saisonfeste, bei denen sich Eltern, Kinder, Nachbarn und Freunde versammelten. Au\u00dferdem haben wir einen gro\u00dfen Raum renoviert und eingerichtet, den wir nun sowohl f\u00fcr Workshops als auch f\u00fcr Freispielzeiten nutzen. Aus den Ausfl\u00fcgen und Workshops entstand als p\u00e4dagogischer Leitfaden das folgende Booklet in kroatischer Sprache:<\/p>\n\n\n\n<div class=\"wp-block-buttons is-layout-flex wp-block-buttons-is-layout-flex\">\n<div class=\"wp-block-button\"><a class=\"wp-block-button__link wp-element-button\" href=\"https:\/\/soil-blatusa.com\/wp-content\/uploads\/2025\/10\/booklet2.pdf\">Booklet <em>Rastimo <mark style=\"background-color:rgba(0, 0, 0, 0)\" class=\"has-inline-color has-white-color\">Kroz \u010detiri godi\u0161nja doba<\/mark><\/em><\/a><\/div>\n<\/div>\n<\/div><figure class=\"wp-block-media-text__media\"><img loading=\"lazy\" decoding=\"async\" width=\"1024\" height=\"576\" src=\"https:\/\/soil-blatusa.com\/wp-content\/uploads\/2025\/08\/20240724_171436_ruhig-1024x576.jpg\" alt=\"\" class=\"wp-image-197 size-full\" style=\"object-position:50% 50%\" srcset=\"https:\/\/soil-blatusa.com\/wp-content\/uploads\/2025\/08\/20240724_171436_ruhig-1024x576.jpg 1024w, https:\/\/soil-blatusa.com\/wp-content\/uploads\/2025\/08\/20240724_171436_ruhig-300x169.jpg 300w, https:\/\/soil-blatusa.com\/wp-content\/uploads\/2025\/08\/20240724_171436_ruhig-768x432.jpg 768w, https:\/\/soil-blatusa.com\/wp-content\/uploads\/2025\/08\/20240724_171436_ruhig-1536x864.jpg 1536w, https:\/\/soil-blatusa.com\/wp-content\/uploads\/2025\/08\/20240724_171436_ruhig-2048x1152.jpg 2048w\" sizes=\"auto, (max-width: 1024px) 100vw, 1024px\" \/><\/figure><\/div>\n\n\n\n<div class=\"wp-block-media-text is-stacked-on-mobile is-image-fill-element\" style=\"grid-template-columns:53% auto\"><figure class=\"wp-block-media-text__media\"><img loading=\"lazy\" decoding=\"async\" width=\"1024\" height=\"768\" src=\"https:\/\/soil-blatusa.com\/wp-content\/uploads\/2025\/08\/IMG_1737-scaled_ruhig-1024x768.jpg\" alt=\"\" class=\"wp-image-258 size-full\" style=\"object-position:50% 50%\" srcset=\"https:\/\/soil-blatusa.com\/wp-content\/uploads\/2025\/08\/IMG_1737-scaled_ruhig-1024x768.jpg 1024w, https:\/\/soil-blatusa.com\/wp-content\/uploads\/2025\/08\/IMG_1737-scaled_ruhig-300x225.jpg 300w, https:\/\/soil-blatusa.com\/wp-content\/uploads\/2025\/08\/IMG_1737-scaled_ruhig-768x576.jpg 768w, https:\/\/soil-blatusa.com\/wp-content\/uploads\/2025\/08\/IMG_1737-scaled_ruhig-1536x1152.jpg 1536w, https:\/\/soil-blatusa.com\/wp-content\/uploads\/2025\/08\/IMG_1737-scaled_ruhig-2048x1536.jpg 2048w\" sizes=\"auto, (max-width: 1024px) 100vw, 1024px\" \/><\/figure><div class=\"wp-block-media-text__content\">\n<h2 class=\"wp-block-heading\"><mark style=\"background-color:rgba(0, 0, 0, 0)\" class=\"has-inline-color has-red-color\">Kreativno rekreativno<\/mark><\/h2>\n\n\n\n<p><strong><strong><strong><strong>Juni \u2013 November 2024<\/strong><\/strong><\/strong><\/strong><\/p>\n\n\n\n<p><strong><strong>Finanziert von der Gemeinde Gvozd<\/strong><\/strong><\/p>\n\n\n\n<p>Sechs Monate lang haben wir im Rahmen dieses Projekts monatlich einen kreativen Workshop f\u00fcr Kinder im Alter von 3 bis 10 Jahren angeboten. Die Themen reichten von Fallschirmspielen und Volkst\u00e4nzen aus aller Welt bis hin zu Kinderzirkus, Schlaginstrumenten, Akrobatik und Theater. Dar\u00fcber hinaus fanden in unserem \u201eKlassenzimmer\u201c regelm\u00e4\u00dfig einmal pro Woche Freispiel-Treffen statt.<\/p>\n<\/div><\/div>\n\n<\/div>\n\n<div class=\"\"  data-pds-tabs--accordion-initially-open=\"false\" >\n\n<p><\/p>\n\n\n\n<figure class=\"wp-block-table has-medium-font-size\"><table class=\"has-fixed-layout\"><tbody><tr><td><strong>5. April<\/strong><\/td><td><mark style=\"background-color:rgba(0, 0, 0, 0)\" class=\"has-inline-color has-green-color\"><strong>Osterfeier<\/strong><\/mark><\/td><\/tr><\/tbody><\/table><\/figure>\n\n<\/div>\n\n            <\/div>\n        <\/div>\n        \n    <\/div>","protected":false},"excerpt":{"rendered":"","protected":false},"author":2,"featured_media":0,"parent":0,"menu_order":0,"comment_status":"closed","ping_status":"closed","template":"","meta":{"footnotes":""},"class_list":["post-146","page","type-page","status-publish","hentry"],"_links":{"self":[{"href":"https:\/\/soil-blatusa.com\/de\/wp-json\/wp\/v2\/pages\/146","targetHints":{"allow":["GET"]}}],"collection":[{"href":"https:\/\/soil-blatusa.com\/de\/wp-json\/wp\/v2\/pages"}],"about":[{"href":"https:\/\/soil-blatusa.com\/de\/wp-json\/wp\/v2\/types\/page"}],"author":[{"embeddable":true,"href":"https:\/\/soil-blatusa.com\/de\/wp-json\/wp\/v2\/users\/2"}],"replies":[{"embeddable":true,"href":"https:\/\/soil-blatusa.com\/de\/wp-json\/wp\/v2\/comments?post=146"}],"version-history":[{"count":127,"href":"https:\/\/soil-blatusa.com\/de\/wp-json\/wp\/v2\/pages\/146\/revisions"}],"predecessor-version":[{"id":744,"href":"https:\/\/soil-blatusa.com\/de\/wp-json\/wp\/v2\/pages\/146\/revisions\/744"}],"wp:attachment":[{"href":"https:\/\/soil-blatusa.com\/de\/wp-json\/wp\/v2\/media?parent=146"}],"curies":[{"name":"wp","href":"https:\/\/api.w.org\/{rel}","templated":true}]}}